{"id":7112,"date":"2024-04-15T19:34:16","date_gmt":"2024-04-15T19:34:16","guid":{"rendered":"https:\/\/minisel.gov.mk\/?page_id=7112"},"modified":"2024-05-09T15:51:32","modified_gmt":"2024-05-09T15:51:32","slug":"rregullimi-ligjor","status":"publish","type":"page","link":"https:\/\/minisel.gov.mk\/sq\/rregullimi-ligjor\/","title":{"rendered":"RREGULLIMI LIGJOR"},"content":{"rendered":"\t\t<div data-elementor-type=\"wp-page\" data-elementor-id=\"7112\" class=\"elementor elementor-7112 elementor-4083\" data-elementor-post-type=\"page\">\n\t\t\t\t<div class=\"elementor-element elementor-element-b3780d6 e-flex e-con-boxed e-con e-parent\" data-id=\"b3780d6\" data-element_type=\"container\">\n\t\t\t\t\t<div class=\"e-con-inner\">\n\t\t<div class=\"elementor-element elementor-element-0aab513 e-con-full e-flex e-con e-child\" data-id=\"0aab513\" data-element_type=\"container\">\n\t\t\t\t<div class=\"elementor-element elementor-element-f47e824 elementor-widget elementor-widget-image\" data-id=\"f47e824\" data-element_type=\"widget\" data-widget_type=\"image.default\">\n\t\t\t\t<div class=\"elementor-widget-container\">\n\t\t\t\t\t\t\t\t\t\t\t\t\t\t\t\t<a href=\"\/wp-content\/uploads\/2024\/04\/PRIPACNIK.pdf\" target=\"_blank\">\n\t\t\t\t\t\t\t<img fetchpriority=\"high\" decoding=\"async\" width=\"643\" height=\"916\" src=\"https:\/\/minisel.gov.mk\/wp-content\/uploads\/2024\/04\/priracnik.jpg\" class=\"attachment-large size-large wp-image-4090\" alt=\"\" srcset=\"https:\/\/minisel.gov.mk\/wp-content\/uploads\/2024\/04\/priracnik.jpg 643w, https:\/\/minisel.gov.mk\/wp-content\/uploads\/2024\/04\/priracnik-211x300.jpg 211w, https:\/\/minisel.gov.mk\/wp-content\/uploads\/2024\/04\/priracnik-585x833.jpg 585w\" sizes=\"(max-width: 643px) 100vw, 643px\" \/>\t\t\t\t\t\t\t\t<\/a>\n\t\t\t\t\t\t\t\t\t\t\t\t\t\t\t<\/div>\n\t\t\t\t<\/div>\n\t\t\t\t<div class=\"elementor-element elementor-element-b785ab8 elementor-widget elementor-widget-text-editor\" data-id=\"b785ab8\" data-element_type=\"widget\" data-widget_type=\"text-editor.default\">\n\t\t\t\t<div class=\"elementor-widget-container\">\n\t\t\t\t\t\t\t\t\t<h6 class=\"entry-title\">DORACAK me informacione t\u00eb dobishme p\u00ebr m\u00ebrgimtar\u00ebt nga Maqedonia (udh\u00ebzues praktik)<\/h6>\t\t\t\t\t\t\t\t<\/div>\n\t\t\t\t<\/div>\n\t\t\t\t<\/div>\n\t\t<div class=\"elementor-element elementor-element-60a32bf e-con-full e-flex e-con e-child\" data-id=\"60a32bf\" data-element_type=\"container\">\n\t\t\t\t<div class=\"elementor-element elementor-element-b0a9a4e elementor-widget elementor-widget-image\" data-id=\"b0a9a4e\" data-element_type=\"widget\" data-widget_type=\"image.default\">\n\t\t\t\t<div class=\"elementor-widget-container\">\n\t\t\t\t\t\t\t\t\t\t\t\t\t\t\t\t<a href=\"\/wp-content\/uploads\/2024\/04\/Ekonomski-priracnik.pdf\" target=\"_blank\">\n\t\t\t\t\t\t\t<img decoding=\"async\" width=\"643\" height=\"916\" src=\"https:\/\/minisel.gov.mk\/wp-content\/uploads\/2024\/04\/eko-priracnik.jpg\" class=\"attachment-large size-large wp-image-4106\" alt=\"\" srcset=\"https:\/\/minisel.gov.mk\/wp-content\/uploads\/2024\/04\/eko-priracnik.jpg 643w, https:\/\/minisel.gov.mk\/wp-content\/uploads\/2024\/04\/eko-priracnik-211x300.jpg 211w, https:\/\/minisel.gov.mk\/wp-content\/uploads\/2024\/04\/eko-priracnik-585x833.jpg 585w\" sizes=\"(max-width: 643px) 100vw, 643px\" \/>\t\t\t\t\t\t\t\t<\/a>\n\t\t\t\t\t\t\t\t\t\t\t\t\t\t\t<\/div>\n\t\t\t\t<\/div>\n\t\t\t\t<div class=\"elementor-element elementor-element-c8fb723 elementor-widget elementor-widget-text-editor\" data-id=\"c8fb723\" data-element_type=\"widget\" data-widget_type=\"text-editor.default\">\n\t\t\t\t<div class=\"elementor-widget-container\">\n\t\t\t\t\t\t\t\t\t<h6 class=\"entry-title\">Manual Ekonomik<\/h6>\t\t\t\t\t\t\t\t<\/div>\n\t\t\t\t<\/div>\n\t\t\t\t<\/div>\n\t\t<div class=\"elementor-element elementor-element-71f2e4d e-con-full e-flex e-con e-child\" data-id=\"71f2e4d\" data-element_type=\"container\">\n\t\t\t\t<div class=\"elementor-element elementor-element-a58fb0d elementor-widget elementor-widget-image\" data-id=\"a58fb0d\" data-element_type=\"widget\" data-widget_type=\"image.default\">\n\t\t\t\t<div class=\"elementor-widget-container\">\n\t\t\t\t\t\t\t\t\t\t\t\t\t\t\t\t<a href=\"\/wp-content\/uploads\/2024\/04\/zakon-za-fin-podrshka.pdf\" target=\"_blank\">\n\t\t\t\t\t\t\t<img decoding=\"async\" width=\"643\" height=\"916\" src=\"https:\/\/minisel.gov.mk\/wp-content\/uploads\/2024\/04\/zakon-za-fin-podrshka.jpg\" class=\"attachment-large size-large wp-image-4117\" alt=\"\" srcset=\"https:\/\/minisel.gov.mk\/wp-content\/uploads\/2024\/04\/zakon-za-fin-podrshka.jpg 643w, https:\/\/minisel.gov.mk\/wp-content\/uploads\/2024\/04\/zakon-za-fin-podrshka-211x300.jpg 211w, https:\/\/minisel.gov.mk\/wp-content\/uploads\/2024\/04\/zakon-za-fin-podrshka-585x833.jpg 585w\" sizes=\"(max-width: 643px) 100vw, 643px\" \/>\t\t\t\t\t\t\t\t<\/a>\n\t\t\t\t\t\t\t\t\t\t\t\t\t\t\t<\/div>\n\t\t\t\t<\/div>\n\t\t\t\t<div class=\"elementor-element elementor-element-69b57d7 elementor-widget elementor-widget-text-editor\" data-id=\"69b57d7\" data-element_type=\"widget\" data-widget_type=\"text-editor.default\">\n\t\t\t\t<div class=\"elementor-widget-container\">\n\t\t\t\t\t\t\t\t\t<h6 class=\"entry-title\">Ligji p\u00ebr mb\u00ebshtetjen financiare t\u00eb investimeve<\/h6>\t\t\t\t\t\t\t\t<\/div>\n\t\t\t\t<\/div>\n\t\t\t\t<\/div>\n\t\t<div class=\"elementor-element elementor-element-e2bc99c e-con-full e-flex e-con e-child\" data-id=\"e2bc99c\" data-element_type=\"container\">\n\t\t\t\t<div class=\"elementor-element elementor-element-9141a98 elementor-widget elementor-widget-image\" data-id=\"9141a98\" data-element_type=\"widget\" data-widget_type=\"image.default\">\n\t\t\t\t<div class=\"elementor-widget-container\">\n\t\t\t\t\t\t\t\t\t\t\t\t\t\t\t\t<a href=\"\/wp-content\/uploads\/2024\/04\/Godisen-plan-za-sprecuvanje-korupcija.pdf\" target=\"_blank\">\n\t\t\t\t\t\t\t<img loading=\"lazy\" decoding=\"async\" width=\"643\" height=\"916\" src=\"https:\/\/minisel.gov.mk\/wp-content\/uploads\/2024\/04\/godisen-plan-za-sprecuvanje-korupcija.jpg\" class=\"attachment-large size-large wp-image-4486\" alt=\"\" srcset=\"https:\/\/minisel.gov.mk\/wp-content\/uploads\/2024\/04\/godisen-plan-za-sprecuvanje-korupcija.jpg 643w, https:\/\/minisel.gov.mk\/wp-content\/uploads\/2024\/04\/godisen-plan-za-sprecuvanje-korupcija-211x300.jpg 211w, https:\/\/minisel.gov.mk\/wp-content\/uploads\/2024\/04\/godisen-plan-za-sprecuvanje-korupcija-585x833.jpg 585w\" sizes=\"(max-width: 643px) 100vw, 643px\" \/>\t\t\t\t\t\t\t\t<\/a>\n\t\t\t\t\t\t\t\t\t\t\t\t\t\t\t<\/div>\n\t\t\t\t<\/div>\n\t\t\t\t<div class=\"elementor-element elementor-element-c00be56 elementor-widget elementor-widget-text-editor\" data-id=\"c00be56\" data-element_type=\"widget\" data-widget_type=\"text-editor.default\">\n\t\t\t\t<div class=\"elementor-widget-container\">\n\t\t\t\t\t\t\t\t\t<h6 class=\"entry-title\">Plani vjetor p\u00ebr parandalimin e korrupsionit n\u00eb Agjencin\u00eb e Emigracionit p\u00ebr vitin 2023<\/h6>\t\t\t\t\t\t\t\t<\/div>\n\t\t\t\t<\/div>\n\t\t\t\t<\/div>\n\t\t\t\t\t<\/div>\n\t\t\t\t<\/div>\n\t\t\t\t<\/div>\n\t\t","protected":false},"excerpt":{"rendered":"<p>DORACAK me informacione t\u00eb dobishme p\u00ebr m\u00ebrgimtar\u00ebt nga Maqedonia (udh\u00ebzues praktik) Manual Ekonomik Ligji p\u00ebr mb\u00ebshtetjen financiare t\u00eb investimeve Plani vjetor p\u00ebr&hellip;<\/p>\n","protected":false},"author":1,"featured_media":0,"parent":0,"menu_order":0,"comment_status":"closed","ping_status":"closed","template":"","meta":{"inline_featured_image":false,"_lmt_disableupdate":"","_lmt_disable":"","footnotes":""},"class_list":["post-7112","page","type-page","status-publish","hentry"],"yoast_head":"<!-- This site is optimized with the Yoast SEO plugin v26.7 - https:\/\/yoast.com\/wordpress\/plugins\/seo\/ -->\n<title>RREGULLIMI LIGJOR - \u0410\u0433\u0435\u043d\u0446\u0438\u0458\u0430 \u0437\u0430 \u0438\u0441\u0435\u043b\u0435\u043d\u0438\u0448\u0442\u0432\u043e<\/title>\n<meta name=\"robots\" content=\"index, follow, max-snippet:-1, max-image-preview:large, max-video-preview:-1\" \/>\n<link rel=\"canonical\" href=\"https:\/\/minisel.gov.mk\/pravna-regulativa\/\" \/>\n<meta property=\"og:locale\" content=\"sq_AL\" \/>\n<meta property=\"og:type\" content=\"article\" \/>\n<meta property=\"og:title\" content=\"RREGULLIMI LIGJOR - \u0410\u0433\u0435\u043d\u0446\u0438\u0458\u0430 \u0437\u0430 \u0438\u0441\u0435\u043b\u0435\u043d\u0438\u0448\u0442\u0432\u043e\" \/>\n<meta property=\"og:description\" content=\"DORACAK me informacione t\u00eb dobishme p\u00ebr m\u00ebrgimtar\u00ebt nga Maqedonia (udh\u00ebzues praktik) Manual Ekonomik Ligji p\u00ebr mb\u00ebshtetjen financiare t\u00eb investimeve Plani vjetor p\u00ebr&hellip;\" \/>\n<meta property=\"og:url\" content=\"https:\/\/minisel.gov.mk\/pravna-regulativa\/\" \/>\n<meta property=\"og:site_name\" content=\"\u0410\u0433\u0435\u043d\u0446\u0438\u0458\u0430 \u0437\u0430 \u0438\u0441\u0435\u043b\u0435\u043d\u0438\u0448\u0442\u0432\u043e\" \/>\n<meta property=\"article:modified_time\" content=\"2024-05-09T15:51:32+00:00\" \/>\n<meta property=\"og:image\" content=\"https:\/\/minisel.gov.mk\/wp-content\/uploads\/2024\/04\/priracnik.jpg\" \/>\n\t<meta property=\"og:image:width\" content=\"643\" \/>\n\t<meta property=\"og:image:height\" content=\"916\" \/>\n\t<meta property=\"og:image:type\" content=\"image\/jpeg\" \/>\n<meta name=\"twitter:card\" content=\"summary_large_image\" \/>\n<script type=\"application\/ld+json\" class=\"yoast-schema-graph\">{\"@context\":\"https:\/\/schema.org\",\"@graph\":[{\"@type\":\"WebPage\",\"@id\":\"https:\/\/minisel.gov.mk\/pravna-regulativa\/\",\"url\":\"https:\/\/minisel.gov.mk\/pravna-regulativa\/\",\"name\":\"RREGULLIMI LIGJOR - \u0410\u0433\u0435\u043d\u0446\u0438\u0458\u0430 \u0437\u0430 \u0438\u0441\u0435\u043b\u0435\u043d\u0438\u0448\u0442\u0432\u043e\",\"isPartOf\":{\"@id\":\"https:\/\/minisel.gov.mk\/#website\"},\"primaryImageOfPage\":{\"@id\":\"https:\/\/minisel.gov.mk\/pravna-regulativa\/#primaryimage\"},\"image\":{\"@id\":\"https:\/\/minisel.gov.mk\/pravna-regulativa\/#primaryimage\"},\"thumbnailUrl\":\"https:\/\/minisel.gov.mk\/wp-content\/uploads\/2024\/04\/priracnik.jpg\",\"datePublished\":\"2024-04-15T19:34:16+00:00\",\"dateModified\":\"2024-05-09T15:51:32+00:00\",\"breadcrumb\":{\"@id\":\"https:\/\/minisel.gov.mk\/pravna-regulativa\/#breadcrumb\"},\"inLanguage\":\"sq-AL\",\"potentialAction\":[{\"@type\":\"ReadAction\",\"target\":[\"https:\/\/minisel.gov.mk\/pravna-regulativa\/\"]}]},{\"@type\":\"ImageObject\",\"inLanguage\":\"sq-AL\",\"@id\":\"https:\/\/minisel.gov.mk\/pravna-regulativa\/#primaryimage\",\"url\":\"https:\/\/minisel.gov.mk\/wp-content\/uploads\/2024\/04\/priracnik.jpg\",\"contentUrl\":\"https:\/\/minisel.gov.mk\/wp-content\/uploads\/2024\/04\/priracnik.jpg\"},{\"@type\":\"BreadcrumbList\",\"@id\":\"https:\/\/minisel.gov.mk\/pravna-regulativa\/#breadcrumb\",\"itemListElement\":[{\"@type\":\"ListItem\",\"position\":1,\"name\":\"Home\",\"item\":\"https:\/\/minisel.gov.mk\/\"},{\"@type\":\"ListItem\",\"position\":2,\"name\":\"RREGULLIMI LIGJOR\"}]},{\"@type\":\"WebSite\",\"@id\":\"https:\/\/minisel.gov.mk\/#website\",\"url\":\"https:\/\/minisel.gov.mk\/\",\"name\":\"\u0410\u0433\u0435\u043d\u0446\u0438\u0458\u0430 \u0437\u0430 \u0438\u0441\u0435\u043b\u0435\u043d\u0438\u0448\u0442\u0432\u043e\",\"description\":\"Minisel.gov.mk\",\"potentialAction\":[{\"@type\":\"SearchAction\",\"target\":{\"@type\":\"EntryPoint\",\"urlTemplate\":\"https:\/\/minisel.gov.mk\/?s={search_term_string}\"},\"query-input\":{\"@type\":\"PropertyValueSpecification\",\"valueRequired\":true,\"valueName\":\"search_term_string\"}}],\"inLanguage\":\"sq-AL\"}]}<\/script>\n<!-- \/ Yoast SEO plugin. -->","yoast_head_json":{"title":"RREGULLIMI LIGJOR - \u0410\u0433\u0435\u043d\u0446\u0438\u0458\u0430 \u0437\u0430 \u0438\u0441\u0435\u043b\u0435\u043d\u0438\u0448\u0442\u0432\u043e","robots":{"index":"index","follow":"follow","max-snippet":"max-snippet:-1","max-image-preview":"max-image-preview:large","max-video-preview":"max-video-preview:-1"},"canonical":"https:\/\/minisel.gov.mk\/pravna-regulativa\/","og_locale":"sq_AL","og_type":"article","og_title":"RREGULLIMI LIGJOR - \u0410\u0433\u0435\u043d\u0446\u0438\u0458\u0430 \u0437\u0430 \u0438\u0441\u0435\u043b\u0435\u043d\u0438\u0448\u0442\u0432\u043e","og_description":"DORACAK me informacione t\u00eb dobishme p\u00ebr m\u00ebrgimtar\u00ebt nga Maqedonia (udh\u00ebzues praktik) Manual Ekonomik Ligji p\u00ebr mb\u00ebshtetjen financiare t\u00eb investimeve Plani vjetor p\u00ebr&hellip;","og_url":"https:\/\/minisel.gov.mk\/pravna-regulativa\/","og_site_name":"\u0410\u0433\u0435\u043d\u0446\u0438\u0458\u0430 \u0437\u0430 \u0438\u0441\u0435\u043b\u0435\u043d\u0438\u0448\u0442\u0432\u043e","article_modified_time":"2024-05-09T15:51:32+00:00","og_image":[{"width":643,"height":916,"url":"https:\/\/minisel.gov.mk\/wp-content\/uploads\/2024\/04\/priracnik.jpg","type":"image\/jpeg"}],"twitter_card":"summary_large_image","schema":{"@context":"https:\/\/schema.org","@graph":[{"@type":"WebPage","@id":"https:\/\/minisel.gov.mk\/pravna-regulativa\/","url":"https:\/\/minisel.gov.mk\/pravna-regulativa\/","name":"RREGULLIMI LIGJOR - \u0410\u0433\u0435\u043d\u0446\u0438\u0458\u0430 \u0437\u0430 \u0438\u0441\u0435\u043b\u0435\u043d\u0438\u0448\u0442\u0432\u043e","isPartOf":{"@id":"https:\/\/minisel.gov.mk\/#website"},"primaryImageOfPage":{"@id":"https:\/\/minisel.gov.mk\/pravna-regulativa\/#primaryimage"},"image":{"@id":"https:\/\/minisel.gov.mk\/pravna-regulativa\/#primaryimage"},"thumbnailUrl":"https:\/\/minisel.gov.mk\/wp-content\/uploads\/2024\/04\/priracnik.jpg","datePublished":"2024-04-15T19:34:16+00:00","dateModified":"2024-05-09T15:51:32+00:00","breadcrumb":{"@id":"https:\/\/minisel.gov.mk\/pravna-regulativa\/#breadcrumb"},"inLanguage":"sq-AL","potentialAction":[{"@type":"ReadAction","target":["https:\/\/minisel.gov.mk\/pravna-regulativa\/"]}]},{"@type":"ImageObject","inLanguage":"sq-AL","@id":"https:\/\/minisel.gov.mk\/pravna-regulativa\/#primaryimage","url":"https:\/\/minisel.gov.mk\/wp-content\/uploads\/2024\/04\/priracnik.jpg","contentUrl":"https:\/\/minisel.gov.mk\/wp-content\/uploads\/2024\/04\/priracnik.jpg"},{"@type":"BreadcrumbList","@id":"https:\/\/minisel.gov.mk\/pravna-regulativa\/#breadcrumb","itemListElement":[{"@type":"ListItem","position":1,"name":"Home","item":"https:\/\/minisel.gov.mk\/"},{"@type":"ListItem","position":2,"name":"RREGULLIMI LIGJOR"}]},{"@type":"WebSite","@id":"https:\/\/minisel.gov.mk\/#website","url":"https:\/\/minisel.gov.mk\/","name":"\u0410\u0433\u0435\u043d\u0446\u0438\u0458\u0430 \u0437\u0430 \u0438\u0441\u0435\u043b\u0435\u043d\u0438\u0448\u0442\u0432\u043e","description":"Minisel.gov.mk","potentialAction":[{"@type":"SearchAction","target":{"@type":"EntryPoint","urlTemplate":"https:\/\/minisel.gov.mk\/?s={search_term_string}"},"query-input":{"@type":"PropertyValueSpecification","valueRequired":true,"valueName":"search_term_string"}}],"inLanguage":"sq-AL"}]}},"_links":{"self":[{"href":"https:\/\/minisel.gov.mk\/sq\/wp-json\/wp\/v2\/pages\/7112","targetHints":{"allow":["GET"]}}],"collection":[{"href":"https:\/\/minisel.gov.mk\/sq\/wp-json\/wp\/v2\/pages"}],"about":[{"href":"https:\/\/minisel.gov.mk\/sq\/wp-json\/wp\/v2\/types\/page"}],"author":[{"embeddable":true,"href":"https:\/\/minisel.gov.mk\/sq\/wp-json\/wp\/v2\/users\/1"}],"replies":[{"embeddable":true,"href":"https:\/\/minisel.gov.mk\/sq\/wp-json\/wp\/v2\/comments?post=7112"}],"version-history":[{"count":6,"href":"https:\/\/minisel.gov.mk\/sq\/wp-json\/wp\/v2\/pages\/7112\/revisions"}],"predecessor-version":[{"id":7201,"href":"https:\/\/minisel.gov.mk\/sq\/wp-json\/wp\/v2\/pages\/7112\/revisions\/7201"}],"wp:attachment":[{"href":"https:\/\/minisel.gov.mk\/sq\/wp-json\/wp\/v2\/media?parent=7112"}],"curies":[{"name":"wp","href":"https:\/\/api.w.org\/{rel}","templated":true}]}}