{"id":7093,"date":"2024-04-15T20:01:31","date_gmt":"2024-04-15T20:01:31","guid":{"rendered":"https:\/\/minisel.gov.mk\/?page_id=7093"},"modified":"2024-05-09T15:51:18","modified_gmt":"2024-05-09T15:51:18","slug":"nje-shetitje-permes-qyteteve","status":"publish","type":"page","link":"https:\/\/minisel.gov.mk\/sq\/nje-shetitje-permes-qyteteve\/","title":{"rendered":"NJ\u00cb SH\u00cbTITJE P\u00cbRMES QYTETEVE"},"content":{"rendered":"\t\t<div data-elementor-type=\"wp-page\" data-elementor-id=\"7093\" class=\"elementor elementor-7093 elementor-4183\" data-elementor-post-type=\"page\">\n\t\t\t\t<div class=\"elementor-element elementor-element-0206933 e-flex e-con-boxed e-con e-parent\" data-id=\"0206933\" data-element_type=\"container\">\n\t\t\t\t\t<div class=\"e-con-inner\">\n\t\t\t\t<div class=\"elementor-element elementor-element-c7c234a elementor-widget elementor-widget-text-editor\" data-id=\"c7c234a\" data-element_type=\"widget\" data-widget_type=\"text-editor.default\">\n\t\t\t\t<div class=\"elementor-widget-container\">\n\t\t\t\t\t\t\t\t\t<p>Ndonj\u00ebher\u00eb mund t\u00eb d\u00ebgjoni Shkupin duke u quajtur &#8220;qyteti i shtat\u00eb portave&#8221;. P\u00ebr shkak t\u00eb historis\u00eb s\u00eb tij t\u00eb gjat\u00eb, e cila daton q\u00eb nga lasht\u00ebsia, p\u00ebr qytetin jan\u00eb p\u00ebrhapur legjenda t\u00eb ndryshme q\u00eb lidhen me krijimin dhe origjin\u00ebn e emrit t\u00eb tij. M\u00eb e habitshme \u00ebsht\u00eb pik\u00ebrisht ai p\u00ebr lugin\u00ebn e Shkupit, ku thuhet se dikur ishte nj\u00eb shk\u00ebmb i madh guri i rrumbullak\u00ebt q\u00eb n\u00eb fakt ishte koka e nj\u00eb gjiganti t\u00eb magjepsur. Magjistari q\u00eb e magjepsi ishte shum\u00eb i keq, por nj\u00eb hero, i motivuar nga padrejt\u00ebsia e b\u00ebr\u00eb ndaj gjigantit, e sfidoi magjistarin n\u00eb nj\u00eb betej\u00eb dhe fitoi.<\/p>\t\t\t\t\t\t\t\t<\/div>\n\t\t\t\t<\/div>\n\t\t\t\t\t<\/div>\n\t\t\t\t<\/div>\n\t\t<div class=\"elementor-element elementor-element-dddd0b1 e-flex e-con-boxed e-con e-parent\" data-id=\"dddd0b1\" data-element_type=\"container\">\n\t\t\t\t\t<div class=\"e-con-inner\">\n\t\t\t\t<div class=\"elementor-element elementor-element-cf66269 elementor-widget elementor-widget-html\" data-id=\"cf66269\" data-element_type=\"widget\" data-widget_type=\"html.default\">\n\t\t\t\t<div class=\"elementor-widget-container\">\n\t\t\t\t\t<iframe width=\"560\" height=\"315\" src=\"https:\/\/www.youtube.com\/embed\/hub-tIED1_I?si=klbO5j7vwDefB4KA\" title=\"YouTube video player\" frameborder=\"0\" allow=\"accelerometer; autoplay; clipboard-write; encrypted-media; gyroscope; picture-in-picture; web-share\" referrerpolicy=\"strict-origin-when-cross-origin\" allowfullscreen><\/iframe>\t\t\t\t<\/div>\n\t\t\t\t<\/div>\n\t\t\t\t\t<\/div>\n\t\t\t\t<\/div>\n\t\t<div class=\"elementor-element elementor-element-5576799 e-flex e-con-boxed e-con e-parent\" data-id=\"5576799\" data-element_type=\"container\">\n\t\t\t\t\t<div class=\"e-con-inner\">\n\t\t\t\t<div class=\"elementor-element elementor-element-5903e8b elementor-widget elementor-widget-spacer\" data-id=\"5903e8b\" data-element_type=\"widget\" data-widget_type=\"spacer.default\">\n\t\t\t\t<div class=\"elementor-widget-container\">\n\t\t\t\t\t\t\t<div class=\"elementor-spacer\">\n\t\t\t<div class=\"elementor-spacer-inner\"><\/div>\n\t\t<\/div>\n\t\t\t\t\t\t<\/div>\n\t\t\t\t<\/div>\n\t\t\t\t\t<\/div>\n\t\t\t\t<\/div>\n\t\t<div class=\"elementor-element elementor-element-1ea559a e-flex e-con-boxed e-con e-parent\" data-id=\"1ea559a\" data-element_type=\"container\">\n\t\t\t\t\t<div class=\"e-con-inner\">\n\t\t\t\t<div class=\"elementor-element elementor-element-720c618 elementor-widget elementor-widget-text-editor\" data-id=\"720c618\" data-element_type=\"widget\" data-widget_type=\"text-editor.default\">\n\t\t\t\t<div class=\"elementor-widget-container\">\n\t\t\t\t\t\t\t\t\t<p><strong>QYTETI I DRIT\u00cbS<\/strong><br \/>Maqedonia &#8211; vendi m\u00eb i r\u00ebnd\u00ebsish\u00ebm i udh\u00ebkryqit n\u00eb zem\u00ebr t\u00eb Gadishullit Ballkanik \u00ebsht\u00eb ende nj\u00eb vend i pazbuluar dhe mistik q\u00eb mir\u00ebpret me mikpritje t\u00eb gjith\u00eb udh\u00ebtar\u00ebt q\u00eb duan t\u00eb zbulojn\u00eb sekretet e tij. P\u00ebrgjat\u00eb shekujve, Maqedonia ka ruajtur nj\u00eb pasuri t\u00eb bukurive natyrore, vlerave tradicionale dhe kulturave t\u00eb ndryshme. N\u00eb pjes\u00ebn jugper\u00ebndimore t\u00eb vendit ndodhet qyteti i Ohrit &#8211; nj\u00eb nga qytetet m\u00eb t\u00eb vjetra dhe m\u00eb autentike n\u00eb Gadishullin Ballkanik. Emri i tij i lasht\u00eb \u00ebsht\u00eb Lychnid q\u00eb do t\u00eb thot\u00eb &#8211; &#8220;qytet i drit\u00ebs&#8221;. Ohri \u00ebsht\u00eb djepi i spiritualitetit ortodoks, pik\u00ebrisht p\u00ebr k\u00ebt\u00eb edhe quhet Jerusalemi sllav.<\/p>\t\t\t\t\t\t\t\t<\/div>\n\t\t\t\t<\/div>\n\t\t\t\t\t<\/div>\n\t\t\t\t<\/div>\n\t\t<div class=\"elementor-element elementor-element-d87c0ab e-flex e-con-boxed e-con e-parent\" data-id=\"d87c0ab\" data-element_type=\"container\">\n\t\t\t\t\t<div class=\"e-con-inner\">\n\t\t\t\t<div class=\"elementor-element elementor-element-8ae1f30 elementor-widget elementor-widget-text-editor\" data-id=\"8ae1f30\" data-element_type=\"widget\" data-widget_type=\"text-editor.default\">\n\t\t\t\t<div class=\"elementor-widget-container\">\n\t\t\t\t\t\t\t\t\t<p><strong>Si STRUGA nuk ka TJETER<\/strong><br \/>P\u00ebr emrin e Strug\u00ebs ekzistojn\u00eb dy legjenda, nj\u00ebra prej t\u00eb cilave thot\u00eb se Struga e ka marr\u00eb emrin p\u00ebr shkak t\u00eb pozit\u00ebs s\u00eb hapur gjeografike t\u00eb qytetit &#8211; vend ku fryn vazhdimisht er\u00eb. Mir\u00ebpo, legjenda tjet\u00ebr thot\u00eb se dikur sllav\u00ebt e Maqedonis\u00eb, Brsjaci dhe Mijaci, n\u00eb rajonin e Strug\u00ebs merreshin me blegtori dhe delet i merrnin p\u00ebr t&#8217;u qethur pik\u00ebrisht n\u00eb dalje t\u00eb \u00cbndrr\u00ebs s\u00eb Zez\u00eb nga liqeni i Ohrit. Fjala Strug\u00eb vjen nga qethja e deleve. Emri i vjet\u00ebr i k\u00ebtij qyteti \u00ebsht\u00eb Enhalon, q\u00eb n\u00eb greqishten e vjet\u00ebr do t\u00eb thot\u00eb \u201cngjala\u201d.<\/p>\t\t\t\t\t\t\t\t<\/div>\n\t\t\t\t<\/div>\n\t\t\t\t\t<\/div>\n\t\t\t\t<\/div>\n\t\t<div class=\"elementor-element elementor-element-a789ce3 e-flex e-con-boxed e-con e-parent\" data-id=\"a789ce3\" data-element_type=\"container\">\n\t\t\t\t\t<div class=\"e-con-inner\">\n\t\t\t\t<div class=\"elementor-element elementor-element-db52e33 elementor-widget elementor-widget-html\" data-id=\"db52e33\" data-element_type=\"widget\" data-widget_type=\"html.default\">\n\t\t\t\t<div class=\"elementor-widget-container\">\n\t\t\t\t\t<iframe width=\"560\" height=\"315\" src=\"https:\/\/www.youtube.com\/embed\/TaH6vlNnNIg?si=HmfQyITt0JREnLnA\" title=\"YouTube video player\" frameborder=\"0\" allow=\"accelerometer; autoplay; clipboard-write; encrypted-media; gyroscope; picture-in-picture; web-share\" referrerpolicy=\"strict-origin-when-cross-origin\" allowfullscreen><\/iframe>\t\t\t\t<\/div>\n\t\t\t\t<\/div>\n\t\t\t\t\t<\/div>\n\t\t\t\t<\/div>\n\t\t<div class=\"elementor-element elementor-element-c0ea393 e-flex e-con-boxed e-con e-parent\" data-id=\"c0ea393\" data-element_type=\"container\">\n\t\t\t\t\t<div class=\"e-con-inner\">\n\t\t\t\t<div class=\"elementor-element elementor-element-5bfb440 elementor-widget elementor-widget-spacer\" data-id=\"5bfb440\" data-element_type=\"widget\" data-widget_type=\"spacer.default\">\n\t\t\t\t<div class=\"elementor-widget-container\">\n\t\t\t\t\t\t\t<div class=\"elementor-spacer\">\n\t\t\t<div class=\"elementor-spacer-inner\"><\/div>\n\t\t<\/div>\n\t\t\t\t\t\t<\/div>\n\t\t\t\t<\/div>\n\t\t\t\t\t<\/div>\n\t\t\t\t<\/div>\n\t\t<div class=\"elementor-element elementor-element-d1fa8fb e-flex e-con-boxed e-con e-parent\" data-id=\"d1fa8fb\" data-element_type=\"container\">\n\t\t\t\t\t<div class=\"e-con-inner\">\n\t\t\t\t<div class=\"elementor-element elementor-element-5345d05 elementor-widget elementor-widget-text-editor\" data-id=\"5345d05\" data-element_type=\"widget\" data-widget_type=\"text-editor.default\">\n\t\t\t\t<div class=\"elementor-widget-container\">\n\t\t\t\t\t\t\t\t\t<p><strong>QYTETI I KONSULEVE<\/strong><br \/>Champs Elysees pariziane n\u00eb Manastir quhet Shirok Sokak ose \u201cBitola Corso\u201d, q\u00eb \u00ebsht\u00eb arteria kryesore e k\u00ebmb\u00ebsor\u00ebve. \u00cbsht\u00eb ndoshta asociacioni i par\u00eb kur p\u00ebrmendet emri i qytetit. K\u00ebtu takohen t\u00eb gjith\u00eb personalitetet e qytetit, por edhe t\u00eb gjith\u00eb miqt\u00eb, partner\u00ebt e biznesit, kalimtar\u00ebt dhe \u00e7iftet e dashuruara, k\u00ebtu ndahen lajmet e qytetit. Kjo rrug\u00eb \u00ebsht\u00eb plot me kafene, dyqane, restorante, k\u00ebtu \u00ebsht\u00eb teatri me oper\u00ebn, por edhe shum\u00eb vepra t\u00eb vjetra arkitekturore.<\/p>\t\t\t\t\t\t\t\t<\/div>\n\t\t\t\t<\/div>\n\t\t\t\t\t<\/div>\n\t\t\t\t<\/div>\n\t\t<div class=\"elementor-element elementor-element-0145852 e-flex e-con-boxed e-con e-parent\" data-id=\"0145852\" data-element_type=\"container\">\n\t\t\t\t\t<div class=\"e-con-inner\">\n\t\t\t\t<div class=\"elementor-element elementor-element-dabe7f9 elementor-widget elementor-widget-html\" data-id=\"dabe7f9\" data-element_type=\"widget\" data-widget_type=\"html.default\">\n\t\t\t\t<div class=\"elementor-widget-container\">\n\t\t\t\t\t<iframe width=\"560\" height=\"315\" src=\"https:\/\/www.youtube.com\/embed\/yjhu-52q4S8?si=LV1kbikJs-43sxuk\" title=\"YouTube video player\" frameborder=\"0\" allow=\"accelerometer; autoplay; clipboard-write; encrypted-media; gyroscope; picture-in-picture; web-share\" referrerpolicy=\"strict-origin-when-cross-origin\" allowfullscreen><\/iframe>\t\t\t\t<\/div>\n\t\t\t\t<\/div>\n\t\t\t\t\t<\/div>\n\t\t\t\t<\/div>\n\t\t<div class=\"elementor-element elementor-element-660a128 e-flex e-con-boxed e-con e-parent\" data-id=\"660a128\" data-element_type=\"container\">\n\t\t\t\t\t<div class=\"e-con-inner\">\n\t\t\t\t<div class=\"elementor-element elementor-element-7589543 elementor-widget elementor-widget-spacer\" data-id=\"7589543\" data-element_type=\"widget\" data-widget_type=\"spacer.default\">\n\t\t\t\t<div class=\"elementor-widget-container\">\n\t\t\t\t\t\t\t<div class=\"elementor-spacer\">\n\t\t\t<div class=\"elementor-spacer-inner\"><\/div>\n\t\t<\/div>\n\t\t\t\t\t\t<\/div>\n\t\t\t\t<\/div>\n\t\t\t\t\t<\/div>\n\t\t\t\t<\/div>\n\t\t<div class=\"elementor-element elementor-element-b7a8fa4 e-flex e-con-boxed e-con e-parent\" data-id=\"b7a8fa4\" data-element_type=\"container\">\n\t\t\t\t\t<div class=\"e-con-inner\">\n\t\t\t\t<div class=\"elementor-element elementor-element-43d992f elementor-widget elementor-widget-text-editor\" data-id=\"43d992f\" data-element_type=\"widget\" data-widget_type=\"text-editor.default\">\n\t\t\t\t<div class=\"elementor-widget-container\">\n\t\t\t\t\t\t\t\t\t<p><strong>QYTETI N\u00cb RE<\/strong><br \/>Krusheva \u00ebsht\u00eb qytet-histori, qytet-muze, qytet-histori. Krusheva \u00ebsht\u00eb nj\u00eb p\u00ebrrall\u00eb, sidomos n\u00eb dim\u00ebr. Nj\u00eb idil i v\u00ebrtet\u00eb me d\u00ebbor\u00eb. N\u00eb t\u00eb ruhen objekte t\u00eb shekullit t\u00eb 15-t\u00eb, kur u themelua qyteti, si dhe nga periudha e vendosjes s\u00eb vlleh\u00ebve dhe mijat\u00ebve, disa t\u00eb gatsh\u00ebm p\u00ebr t\u00eb investuar, e t\u00eb tjer\u00eb t\u00eb njohur si nd\u00ebrtues t\u00eb shk\u00eblqyer. Rezultati i k\u00ebsaj jan\u00eb sht\u00ebpit\u00eb me tipare specifike arkitekturore q\u00eb mahnitin q\u00eb n\u00eb takimin e par\u00eb dhe bukuria e tyre nuk u la indiferente as nga arkitekti i famsh\u00ebm Le Corbusier gjat\u00eb vizit\u00ebs s\u00eb tij n\u00eb qytet.<\/p>\t\t\t\t\t\t\t\t<\/div>\n\t\t\t\t<\/div>\n\t\t\t\t\t<\/div>\n\t\t\t\t<\/div>\n\t\t<div class=\"elementor-element elementor-element-cb8037d e-flex e-con-boxed e-con e-parent\" data-id=\"cb8037d\" data-element_type=\"container\">\n\t\t\t\t\t<div class=\"e-con-inner\">\n\t\t\t\t<div class=\"elementor-element elementor-element-7c84c59 elementor-widget elementor-widget-html\" data-id=\"7c84c59\" data-element_type=\"widget\" data-widget_type=\"html.default\">\n\t\t\t\t<div class=\"elementor-widget-container\">\n\t\t\t\t\t<iframe width=\"560\" height=\"315\" src=\"https:\/\/www.youtube.com\/embed\/rtEeNJ4fhW0?si=20zoLcsaNIlp321N\" title=\"YouTube video player\" frameborder=\"0\" allow=\"accelerometer; autoplay; clipboard-write; encrypted-media; gyroscope; picture-in-picture; web-share\" referrerpolicy=\"strict-origin-when-cross-origin\" allowfullscreen><\/iframe>\t\t\t\t<\/div>\n\t\t\t\t<\/div>\n\t\t\t\t<div class=\"elementor-element elementor-element-b1ac83a elementor-widget elementor-widget-html\" data-id=\"b1ac83a\" data-element_type=\"widget\" data-widget_type=\"html.default\">\n\t\t\t\t<div class=\"elementor-widget-container\">\n\t\t\t\t\t<iframe width=\"560\" height=\"315\" src=\"https:\/\/www.youtube.com\/embed\/K0GwWW4ds4g?si=Vtp3IlTRjPlWKsga\" title=\"YouTube video player\" frameborder=\"0\" allow=\"accelerometer; autoplay; clipboard-write; encrypted-media; gyroscope; picture-in-picture; web-share\" referrerpolicy=\"strict-origin-when-cross-origin\" allowfullscreen><\/iframe>\t\t\t\t<\/div>\n\t\t\t\t<\/div>\n\t\t\t\t<div class=\"elementor-element elementor-element-17fdb7f elementor-widget elementor-widget-html\" data-id=\"17fdb7f\" data-element_type=\"widget\" data-widget_type=\"html.default\">\n\t\t\t\t<div class=\"elementor-widget-container\">\n\t\t\t\t\t<iframe width=\"560\" height=\"315\" src=\"https:\/\/www.youtube.com\/embed\/MoYAaPkpPzg?si=bVr2yudiUh4W5s4C\" title=\"YouTube video player\" frameborder=\"0\" allow=\"accelerometer; autoplay; clipboard-write; encrypted-media; gyroscope; picture-in-picture; web-share\" referrerpolicy=\"strict-origin-when-cross-origin\" allowfullscreen><\/iframe>\t\t\t\t<\/div>\n\t\t\t\t<\/div>\n\t\t\t\t\t<\/div>\n\t\t\t\t<\/div>\n\t\t\t\t<\/div>\n\t\t","protected":false},"excerpt":{"rendered":"<p>Ndonj\u00ebher\u00eb mund t\u00eb d\u00ebgjoni Shkupin duke u quajtur &#8220;qyteti i shtat\u00eb portave&#8221;. P\u00ebr shkak t\u00eb historis\u00eb s\u00eb tij t\u00eb gjat\u00eb, e cila&hellip;<\/p>\n","protected":false},"author":1,"featured_media":0,"parent":0,"menu_order":0,"comment_status":"closed","ping_status":"closed","template":"","meta":{"inline_featured_image":false,"_lmt_disableupdate":"","_lmt_disable":"","footnotes":""},"class_list":["post-7093","page","type-page","status-publish","hentry"],"yoast_head":"<!-- This site is optimized with the Yoast SEO plugin v26.7 - https:\/\/yoast.com\/wordpress\/plugins\/seo\/ -->\n<title>NJ\u00cb SH\u00cbTITJE P\u00cbRMES QYTETEVE - \u0410\u0433\u0435\u043d\u0446\u0438\u0458\u0430 \u0437\u0430 \u0438\u0441\u0435\u043b\u0435\u043d\u0438\u0448\u0442\u0432\u043e<\/title>\n<meta name=\"robots\" content=\"index, follow, max-snippet:-1, max-image-preview:large, max-video-preview:-1\" \/>\n<link rel=\"canonical\" href=\"https:\/\/minisel.gov.mk\/proshetka-po-gradovi\/\" \/>\n<meta property=\"og:locale\" content=\"sq_AL\" \/>\n<meta property=\"og:type\" content=\"article\" \/>\n<meta property=\"og:title\" content=\"NJ\u00cb SH\u00cbTITJE P\u00cbRMES QYTETEVE - \u0410\u0433\u0435\u043d\u0446\u0438\u0458\u0430 \u0437\u0430 \u0438\u0441\u0435\u043b\u0435\u043d\u0438\u0448\u0442\u0432\u043e\" \/>\n<meta property=\"og:description\" content=\"Ndonj\u00ebher\u00eb mund t\u00eb d\u00ebgjoni Shkupin duke u quajtur &#8220;qyteti i shtat\u00eb portave&#8221;. P\u00ebr shkak t\u00eb historis\u00eb s\u00eb tij t\u00eb gjat\u00eb, e cila&hellip;\" \/>\n<meta property=\"og:url\" content=\"https:\/\/minisel.gov.mk\/proshetka-po-gradovi\/\" \/>\n<meta property=\"og:site_name\" content=\"\u0410\u0433\u0435\u043d\u0446\u0438\u0458\u0430 \u0437\u0430 \u0438\u0441\u0435\u043b\u0435\u043d\u0438\u0448\u0442\u0432\u043e\" \/>\n<meta property=\"article:modified_time\" content=\"2024-05-09T15:51:18+00:00\" \/>\n<meta name=\"twitter:card\" content=\"summary_large_image\" \/>\n<meta name=\"twitter:label1\" content=\"Est. reading time\" \/>\n\t<meta name=\"twitter:data1\" content=\"3 minutes\" \/>\n<script type=\"application\/ld+json\" class=\"yoast-schema-graph\">{\"@context\":\"https:\/\/schema.org\",\"@graph\":[{\"@type\":\"WebPage\",\"@id\":\"https:\/\/minisel.gov.mk\/proshetka-po-gradovi\/\",\"url\":\"https:\/\/minisel.gov.mk\/proshetka-po-gradovi\/\",\"name\":\"NJ\u00cb SH\u00cbTITJE P\u00cbRMES QYTETEVE - \u0410\u0433\u0435\u043d\u0446\u0438\u0458\u0430 \u0437\u0430 \u0438\u0441\u0435\u043b\u0435\u043d\u0438\u0448\u0442\u0432\u043e\",\"isPartOf\":{\"@id\":\"https:\/\/minisel.gov.mk\/#website\"},\"datePublished\":\"2024-04-15T20:01:31+00:00\",\"dateModified\":\"2024-05-09T15:51:18+00:00\",\"breadcrumb\":{\"@id\":\"https:\/\/minisel.gov.mk\/proshetka-po-gradovi\/#breadcrumb\"},\"inLanguage\":\"sq-AL\",\"potentialAction\":[{\"@type\":\"ReadAction\",\"target\":[\"https:\/\/minisel.gov.mk\/proshetka-po-gradovi\/\"]}]},{\"@type\":\"BreadcrumbList\",\"@id\":\"https:\/\/minisel.gov.mk\/proshetka-po-gradovi\/#breadcrumb\",\"itemListElement\":[{\"@type\":\"ListItem\",\"position\":1,\"name\":\"Home\",\"item\":\"https:\/\/minisel.gov.mk\/\"},{\"@type\":\"ListItem\",\"position\":2,\"name\":\"NJ\u00cb SH\u00cbTITJE P\u00cbRMES QYTETEVE\"}]},{\"@type\":\"WebSite\",\"@id\":\"https:\/\/minisel.gov.mk\/#website\",\"url\":\"https:\/\/minisel.gov.mk\/\",\"name\":\"\u0410\u0433\u0435\u043d\u0446\u0438\u0458\u0430 \u0437\u0430 \u0438\u0441\u0435\u043b\u0435\u043d\u0438\u0448\u0442\u0432\u043e\",\"description\":\"Minisel.gov.mk\",\"potentialAction\":[{\"@type\":\"SearchAction\",\"target\":{\"@type\":\"EntryPoint\",\"urlTemplate\":\"https:\/\/minisel.gov.mk\/?s={search_term_string}\"},\"query-input\":{\"@type\":\"PropertyValueSpecification\",\"valueRequired\":true,\"valueName\":\"search_term_string\"}}],\"inLanguage\":\"sq-AL\"}]}<\/script>\n<!-- \/ Yoast SEO plugin. -->","yoast_head_json":{"title":"NJ\u00cb SH\u00cbTITJE P\u00cbRMES QYTETEVE - \u0410\u0433\u0435\u043d\u0446\u0438\u0458\u0430 \u0437\u0430 \u0438\u0441\u0435\u043b\u0435\u043d\u0438\u0448\u0442\u0432\u043e","robots":{"index":"index","follow":"follow","max-snippet":"max-snippet:-1","max-image-preview":"max-image-preview:large","max-video-preview":"max-video-preview:-1"},"canonical":"https:\/\/minisel.gov.mk\/proshetka-po-gradovi\/","og_locale":"sq_AL","og_type":"article","og_title":"NJ\u00cb SH\u00cbTITJE P\u00cbRMES QYTETEVE - \u0410\u0433\u0435\u043d\u0446\u0438\u0458\u0430 \u0437\u0430 \u0438\u0441\u0435\u043b\u0435\u043d\u0438\u0448\u0442\u0432\u043e","og_description":"Ndonj\u00ebher\u00eb mund t\u00eb d\u00ebgjoni Shkupin duke u quajtur &#8220;qyteti i shtat\u00eb portave&#8221;. P\u00ebr shkak t\u00eb historis\u00eb s\u00eb tij t\u00eb gjat\u00eb, e cila&hellip;","og_url":"https:\/\/minisel.gov.mk\/proshetka-po-gradovi\/","og_site_name":"\u0410\u0433\u0435\u043d\u0446\u0438\u0458\u0430 \u0437\u0430 \u0438\u0441\u0435\u043b\u0435\u043d\u0438\u0448\u0442\u0432\u043e","article_modified_time":"2024-05-09T15:51:18+00:00","twitter_card":"summary_large_image","twitter_misc":{"Est. reading time":"3 minutes"},"schema":{"@context":"https:\/\/schema.org","@graph":[{"@type":"WebPage","@id":"https:\/\/minisel.gov.mk\/proshetka-po-gradovi\/","url":"https:\/\/minisel.gov.mk\/proshetka-po-gradovi\/","name":"NJ\u00cb SH\u00cbTITJE P\u00cbRMES QYTETEVE - \u0410\u0433\u0435\u043d\u0446\u0438\u0458\u0430 \u0437\u0430 \u0438\u0441\u0435\u043b\u0435\u043d\u0438\u0448\u0442\u0432\u043e","isPartOf":{"@id":"https:\/\/minisel.gov.mk\/#website"},"datePublished":"2024-04-15T20:01:31+00:00","dateModified":"2024-05-09T15:51:18+00:00","breadcrumb":{"@id":"https:\/\/minisel.gov.mk\/proshetka-po-gradovi\/#breadcrumb"},"inLanguage":"sq-AL","potentialAction":[{"@type":"ReadAction","target":["https:\/\/minisel.gov.mk\/proshetka-po-gradovi\/"]}]},{"@type":"BreadcrumbList","@id":"https:\/\/minisel.gov.mk\/proshetka-po-gradovi\/#breadcrumb","itemListElement":[{"@type":"ListItem","position":1,"name":"Home","item":"https:\/\/minisel.gov.mk\/"},{"@type":"ListItem","position":2,"name":"NJ\u00cb SH\u00cbTITJE P\u00cbRMES QYTETEVE"}]},{"@type":"WebSite","@id":"https:\/\/minisel.gov.mk\/#website","url":"https:\/\/minisel.gov.mk\/","name":"\u0410\u0433\u0435\u043d\u0446\u0438\u0458\u0430 \u0437\u0430 \u0438\u0441\u0435\u043b\u0435\u043d\u0438\u0448\u0442\u0432\u043e","description":"Minisel.gov.mk","potentialAction":[{"@type":"SearchAction","target":{"@type":"EntryPoint","urlTemplate":"https:\/\/minisel.gov.mk\/?s={search_term_string}"},"query-input":{"@type":"PropertyValueSpecification","valueRequired":true,"valueName":"search_term_string"}}],"inLanguage":"sq-AL"}]}},"_links":{"self":[{"href":"https:\/\/minisel.gov.mk\/sq\/wp-json\/wp\/v2\/pages\/7093","targetHints":{"allow":["GET"]}}],"collection":[{"href":"https:\/\/minisel.gov.mk\/sq\/wp-json\/wp\/v2\/pages"}],"about":[{"href":"https:\/\/minisel.gov.mk\/sq\/wp-json\/wp\/v2\/types\/page"}],"author":[{"embeddable":true,"href":"https:\/\/minisel.gov.mk\/sq\/wp-json\/wp\/v2\/users\/1"}],"replies":[{"embeddable":true,"href":"https:\/\/minisel.gov.mk\/sq\/wp-json\/wp\/v2\/comments?post=7093"}],"version-history":[{"count":6,"href":"https:\/\/minisel.gov.mk\/sq\/wp-json\/wp\/v2\/pages\/7093\/revisions"}],"predecessor-version":[{"id":7198,"href":"https:\/\/minisel.gov.mk\/sq\/wp-json\/wp\/v2\/pages\/7093\/revisions\/7198"}],"wp:attachment":[{"href":"https:\/\/minisel.gov.mk\/sq\/wp-json\/wp\/v2\/media?parent=7093"}],"curies":[{"name":"wp","href":"https:\/\/api.w.org\/{rel}","templated":true}]}}